{"id":14,"date":"2024-01-12T01:47:22","date_gmt":"2024-01-12T01:47:22","guid":{"rendered":"http:\/\/suporte.cnnt.com.br\/?page_id=14"},"modified":"2026-05-05T14:16:23","modified_gmt":"2026-05-05T14:16:23","slug":"downloads","status":"publish","type":"page","link":"https:\/\/suporte.cnnt.com.br\/","title":{"rendered":"Downloads"},"content":{"rendered":"\n<div class=\"wp-block-columns is-layout-flex wp-container-core-columns-is-layout-9d6595d7 wp-block-columns-is-layout-flex\">\n<div class=\"wp-block-column is-layout-flow wp-block-column-is-layout-flow\"><div class=\"wp-block-image\">\n<figure class=\"aligncenter size-full is-resized\"><a href=\"\/apks\/CosmosAndroid3.14.apk\"><img loading=\"lazy\" decoding=\"async\" width=\"1191\" height=\"1280\" src=\"http:\/\/suporte.cnnt.com.br\/wp-content\/uploads\/2024\/01\/icon_cosmos_1280.png\" alt=\"\" class=\"wp-image-18\" style=\"width:auto;height:266px\"\/><\/a><\/figure>\n<\/div>\n\n\n<p class=\"has-text-align-center\"><a href=\"\/apks\/CosmosAndroid3.14.apk\" target=\"_blank\" rel=\"noreferrer noopener\">Cosmos Android 3.14<\/a><\/p>\n\n\n\n<p class=\"has-text-align-center\">Automa\u00e7\u00e3o de For\u00e7a de Vendas na medida para o seu neg\u00f3cio<\/p>\n<\/div>\n\n\n\n<div class=\"wp-block-column is-layout-flow wp-block-column-is-layout-flow\"><div class=\"wp-block-image\">\n<figure class=\"aligncenter size-full is-resized\"><a href=\"\/apks\/CosmosAndroid2.86.apk\"><img loading=\"lazy\" decoding=\"async\" width=\"512\" height=\"512\" src=\"http:\/\/suporte.cnnt.com.br\/wp-content\/uploads\/2024\/01\/logo_cosmos.png\" alt=\"\" class=\"wp-image-15\" style=\"width:266px;height:auto\"\/><\/a><\/figure>\n<\/div>\n\n\n<p class=\"has-text-align-center\"><a href=\"\/apks\/CosmosAndroid2.86.apk\" data-type=\"link\" data-id=\"CosmosAndroid2.85.apk\" target=\"_blank\" rel=\"noreferrer noopener\">Cosmos Android 2.86<\/a><\/p>\n\n\n\n<p class=\"has-text-align-center\">Automa\u00e7\u00e3o de For\u00e7a de Vendas compat\u00edvel com Android 9 ou inferior<\/p>\n<\/div>\n\n\n\n<div class=\"wp-block-column is-layout-flow wp-block-column-is-layout-flow\"><div class=\"wp-block-image\">\n<figure class=\"aligncenter size-full is-resized\"><a href=\"\/apks\/QuasarAndroid1.07.apk\"><img loading=\"lazy\" decoding=\"async\" width=\"600\" height=\"600\" src=\"http:\/\/suporte.cnnt.com.br\/wp-content\/uploads\/2024\/01\/quasar600.png\" alt=\"\" class=\"wp-image-19\" style=\"width:266px\"\/><\/a><\/figure>\n<\/div>\n\n\n<p class=\"has-text-align-center\"><a href=\"\/apks\/QuasarAndroid1.07.apk\">Quasar Android 1.07<\/a><\/p>\n\n\n\n<p class=\"has-text-align-center\">Automa\u00e7\u00e3o do Controle de Qualidade na produ\u00e7\u00e3o de alimentos<\/p>\n<\/div>\n<\/div>\n\n\n\n<p><\/p>\n","protected":false},"excerpt":{"rendered":"<p>Cosmos Android 3.14 Automa\u00e7\u00e3o de For\u00e7a de Vendas na medida para o seu neg\u00f3cio Cosmos Android 2.86 Automa\u00e7\u00e3o de For\u00e7a de Vendas compat\u00edvel com Android 9 ou inferior Quasar Android 1.07 Automa\u00e7\u00e3o do Controle de Qualidade na produ\u00e7\u00e3o de alimentos<\/p>\n","protected":false},"author":1,"featured_media":0,"parent":0,"menu_order":0,"comment_status":"closed","ping_status":"closed","template":"","meta":{"footnotes":""},"class_list":["post-14","page","type-page","status-publish"],"_links":{"self":[{"href":"https:\/\/suporte.cnnt.com.br\/index.php\/wp-json\/wp\/v2\/pages\/14","targetHints":{"allow":["GET"]}}],"collection":[{"href":"https:\/\/suporte.cnnt.com.br\/index.php\/wp-json\/wp\/v2\/pages"}],"about":[{"href":"https:\/\/suporte.cnnt.com.br\/index.php\/wp-json\/wp\/v2\/types\/page"}],"author":[{"embeddable":true,"href":"https:\/\/suporte.cnnt.com.br\/index.php\/wp-json\/wp\/v2\/users\/1"}],"replies":[{"embeddable":true,"href":"https:\/\/suporte.cnnt.com.br\/index.php\/wp-json\/wp\/v2\/comments?post=14"}],"version-history":[{"count":13,"href":"https:\/\/suporte.cnnt.com.br\/index.php\/wp-json\/wp\/v2\/pages\/14\/revisions"}],"predecessor-version":[{"id":47,"href":"https:\/\/suporte.cnnt.com.br\/index.php\/wp-json\/wp\/v2\/pages\/14\/revisions\/47"}],"wp:attachment":[{"href":"https:\/\/suporte.cnnt.com.br\/index.php\/wp-json\/wp\/v2\/media?parent=14"}],"curies":[{"name":"wp","href":"https:\/\/api.w.org\/{rel}","templated":true}]}}